{"id":1676,"date":"2018-11-11T19:44:03","date_gmt":"2018-11-11T17:44:03","guid":{"rendered":"https:\/\/juridicaaerea.com\/politicas-de-cookies\/"},"modified":"2019-03-11T18:26:45","modified_gmt":"2019-03-11T16:26:45","slug":"politicas-de-cookies","status":"publish","type":"page","link":"https:\/\/juridicaaerea.com\/en\/politicas-de-cookies\/","title":{"rendered":"Pol\u00edtica de Cookies"},"content":{"rendered":"<h2>POL\u00cdTICA DE COOKIES<\/h2>\n<p>Jur\u00eddica A\u00e9rea, S.L., en adelante Jur\u00eddica A\u00e9rea o la entidad, es el titular del sitio web https:\/\/juridicaaerea.com , en el que, al igual que la mayor\u00eda de los sitios en Internet, usa Cookies para mejorar y optimizar la experiencia del usuario. A continuaci\u00f3n encontrar\u00e1s informaci\u00f3n detallada sobre qu\u00e9 son las \u201cCookies\u201d, qu\u00e9 tipolog\u00eda utiliza este sitio web, c\u00f3mo puedes desactivarlas en tu navegador y c\u00f3mo bloquearlas, para que el consentimiento que otorgues sea informado e inequ\u00edvoco.<\/p>\n<h2>1. \u00bfQue son las Cookies?<\/h2>\n<p>Las cookies son peque\u00f1os ficheros de informaci\u00f3n que se almacenan en su ordenador y que nos permiten reconocer su navegador y comprender sus h\u00e1bitos de navegaci\u00f3n por nuestra p\u00e1gina web, para ofrecerle nuestros servicios y adaptarla a sus preferencias de navegaci\u00f3n. Las cookies que empleamos no recogen datos personales del usuario.<\/p>\n<h2>2. \u00bfCu\u00e1les son los diferentes tipos de Cookies que existen?<\/h2>\n<h4>2.1 Seg\u00fan el tiempo que permanezcan activadas, pueden ser:<\/h4>\n<ul>\n<li>Cookies de sesi\u00f3n: expiran cuando el Usuario abandona la p\u00e1gina o cierra el navegador, es decir, est\u00e1n activas mientras dura la visita al sitio web y por tanto son borradas de nuestro ordenador al abandonarlo.<\/li>\n<li>Cookies persistentes: expiran cuando se cumple el objetivo para el que sirven o bien cuando se borran manualmente, tienen fecha de borrado y se utilizan normalmente en personalizaciones o en el registro, para no tener que introducir nuestra contrase\u00f1a constantemente.<br \/>\nSeg\u00fan la entidad que gestione las Cookies, pueden ser:<\/li>\n<li>Cookies propias: Son aquellas Cookies que son enviadas a tu ordenador y gestionadas exclusivamente por nosotros para el mejor funcionamiento del Sitio Web. La informaci\u00f3n que recabamos se emplea para mejorar la calidad de nuestro servicio y tu experiencia como usuario.<\/li>\n<li>Cookies de terceros: Si interact\u00faas con el contenido de nuestro sitio web tambi\u00e9n pueden establecerse Cookies de terceros (por ejemplo, al pulsar botones de redes sociales o visionar v\u00eddeos alojados en otro sitio web), que son aquellas establecidas por un dominio diferente de nuestra web. No podemos acceder a los datos almacenados en las Cookies de otros sitios web cuando navegues en los citados sitios web.<\/li>\n<\/ul>\n<h4>2.2 Seg\u00fan la finalidad de las Cookies, pueden ser:<\/h4>\n<ul>\n<li>Cookies de an\u00e1lisis: Son aquellas Cookies que bien tratadas por nosotros o por terceros, nos permiten cuantificar el n\u00famero de visitas y el uso que hacen los usuarios de nuestra aplicaci\u00f3n con la finalidad de hacer una medici\u00f3n y an\u00e1lisis estad\u00edstico de su utilizaci\u00f3n para corregir las deficiencias que detectemos y facilitar el uso de nuestra web o aplicaci\u00f3n.<\/li>\n<li>Cookies publicitarias: Son aquellas Cookies que permiten gestionar de la forma m\u00e1s eficaz posible la oferta de los espacios publicitarios de la p\u00e1gina web, adecuando el contenido del anuncio al contenido del servicio solicitado o al uso que realice de nuestra p\u00e1gina web.<\/li>\n<li>Cookies de publicidad comportamental: Son aquellas Cookies que permiten realizar un control y seguimiento de la eficacia de la publicidad y nos sirven para medir, por ejemplo, el n\u00famero de veces que son vistos los anuncios, d\u00f3nde aparecen, a qu\u00e9 hora se ven, desde d\u00f3nde o si los has visto anteriormente, para ofrecer publicidad personalizada de acuerdo a los h\u00e1bitos del usuario.<\/li>\n<li>Cookies de personalizaci\u00f3n: Son aquellas Cookies que se utilizan para mejorar la navegaci\u00f3n y el funcionamiento de la web y el uso de las opciones y servicios, as\u00ed como almacenar configuraciones de servicio para no tener que reconfigurar cada vez que se visita el sitio web.<\/li>\n<li>Cookies de Geolocalizaci\u00f3n: Se utilizan para saber en qu\u00e9 lugar se encuentra un usuario cuando solicita un servicio. Esta Cookie es an\u00f3nima y se usa por ejemplo para ofrecerle la informaci\u00f3n adecuada dependiendo del pa\u00eds en el que se encuentre.<\/li>\n<li>Cookies t\u00e9cnicas: Son aqu\u00e9llas que permiten al usuario la navegaci\u00f3n a trav\u00e9s de una p\u00e1gina web, plataforma o aplicaci\u00f3n y la utilizaci\u00f3n de las diferentes opciones o servicios que en ella existan como, por ejemplo, controlar el tr\u00e1fico y la comunicaci\u00f3n de datos, identificar la sesi\u00f3n, acceder a partes de acceso restringido, realizar la solicitud de inscripci\u00f3n o participaci\u00f3n en un evento, utilizar elementos de seguridad durante la navegaci\u00f3n, almacenar contenidos para la difusi\u00f3n de videos o sonido o compartir contenidos a trav\u00e9s de redes sociales.<\/li>\n<\/ul>\n<h2>3. \u00bfQu\u00e9 cookies utilizamos en esta web?<\/h2>\n<p>En esta p\u00e1gina web utilizamos cookies propias y de terceros, en concreto:<\/p>\n<p><img loading=\"lazy\" decoding=\"async\" class=\"alignleft wp-image-1701 size-large\" src=\"https:\/\/juridicaaerea.com\/wp-content\/uploads\/2018\/11\/Imagen1111-1024x267.png\" alt=\"\" width=\"1024\" height=\"267\" srcset=\"https:\/\/juridicaaerea.com\/wp-content\/uploads\/2018\/11\/Imagen1111-1024x267.png 1024w, https:\/\/juridicaaerea.com\/wp-content\/uploads\/2018\/11\/Imagen1111-300x78.png 300w, https:\/\/juridicaaerea.com\/wp-content\/uploads\/2018\/11\/Imagen1111-768x200.png 768w, https:\/\/juridicaaerea.com\/wp-content\/uploads\/2018\/11\/Imagen1111-125x33.png 125w, https:\/\/juridicaaerea.com\/wp-content\/uploads\/2018\/11\/Imagen1111.png 1233w\" sizes=\"(max-width: 1024px) 100vw, 1024px\" \/><\/p>\n<h2><\/h2>\n<h2>4. Para deshabilitar las cookies:<\/h2>\n<p>En lugar de configurar expresamente las cookies para cada p\u00e1gina web, usted puede configurar su navegador para que acepte o rechace cookies por defecto. Dicha configuraci\u00f3n puede hacerse:<\/p>\n<ul>\n<li>En Firefox: encontrar\u00e1 todo el procedimiento en el siguiente <a href=\"https:\/\/support.mozilla.org\/en-US\/kb\/enable-and-disable-cookies-website-preferences\">enlace<\/a>.<\/li>\n<li>En Chrome: encontrar\u00e1 el procedimiento en el siguiente <a href=\"https:\/\/support.google.com\/accounts\/answer\/61416?co=GENIE.Platform%3DDesktop&amp;hl=es\">enlace<\/a>.<\/li>\n<li>\u00a0En Internet Explorer: puede encontrar el procedimiento en el siguiente <a href=\"https:\/\/support.microsoft.com\/es-es\/help\/17442\/windows-internet-explorer-delete-manage-cookies\">enlace<\/a>.<\/li>\n<li>En Safari:<br \/>\n\u25cb Si se conecta desde iPhone, iPad o iPod touch, encontrar\u00e1 todo el procedimiento en el siguiente <a href=\"https:\/\/support.apple.com\/en-us\/HT201265\">enlace<\/a>.<br \/>\n\u25cb Si se conecta desde Mac, encontrar\u00e1 todo el procedimiento en el siguiente <a href=\"https:\/\/support.apple.com\/guide\/safari\/manage-cookies-and-website-data-sfri11471\/mac\">enlace<\/a>.<\/li>\n<\/ul>\n<p>AVISO: Si deshabilita las cookies, puede que ciertas funciones de la p\u00e1gina, como la de permanecer identificado durante el uso de la misma, se deshabiliten.<\/p>\n<h2>5. \u00bfActualizamos nuestra pol\u00edtica de cookies?<\/h2>\n<p>Es posible que actualicemos la Pol\u00edtica de Cookies de nuestra web en funci\u00f3n de nuevas exigencias legales o reglamentarias, por ello te recomendamos revisar esta pol\u00edtica cada vez que accedas a nuestro sitio web con el objetivo de estar adecuadamente informado sobre c\u00f3mo y para qu\u00e9 usamos las Cookies.<\/p>\n","protected":false},"excerpt":{"rendered":"<p>POL\u00cdTICA DE COOKIES Jur\u00eddica A\u00e9rea, S.L., en adelante Jur\u00eddica A\u00e9rea o la entidad, es el titular del sitio web https:\/\/juridicaaerea.com [&hellip;]<\/p>\n","protected":false},"author":6,"featured_media":2263,"parent":0,"menu_order":14,"comment_status":"closed","ping_status":"closed","template":"condiciones-generales.php","meta":{"_acf_changed":false,"footnotes":""},"acf":[],"_links":{"self":[{"href":"https:\/\/juridicaaerea.com\/en\/wp-json\/wp\/v2\/pages\/1676"}],"collection":[{"href":"https:\/\/juridicaaerea.com\/en\/wp-json\/wp\/v2\/pages"}],"about":[{"href":"https:\/\/juridicaaerea.com\/en\/wp-json\/wp\/v2\/types\/page"}],"author":[{"embeddable":true,"href":"https:\/\/juridicaaerea.com\/en\/wp-json\/wp\/v2\/users\/6"}],"replies":[{"embeddable":true,"href":"https:\/\/juridicaaerea.com\/en\/wp-json\/wp\/v2\/comments?post=1676"}],"version-history":[{"count":9,"href":"https:\/\/juridicaaerea.com\/en\/wp-json\/wp\/v2\/pages\/1676\/revisions"}],"predecessor-version":[{"id":2360,"href":"https:\/\/juridicaaerea.com\/en\/wp-json\/wp\/v2\/pages\/1676\/revisions\/2360"}],"wp:featuredmedia":[{"embeddable":true,"href":"https:\/\/juridicaaerea.com\/en\/wp-json\/wp\/v2\/media\/2263"}],"wp:attachment":[{"href":"https:\/\/juridicaaerea.com\/en\/wp-json\/wp\/v2\/media?parent=1676"}],"curies":[{"name":"wp","href":"https:\/\/api.w.org\/{rel}","templated":true}]}}