{"id":788,"date":"2016-03-17T07:55:35","date_gmt":"2016-03-17T07:55:35","guid":{"rendered":"http:\/\/localhost:8888\/newja\/condiciones-generales-2\/"},"modified":"2019-03-10T15:33:23","modified_gmt":"2019-03-10T13:33:23","slug":"general-conditions","status":"publish","type":"page","link":"https:\/\/juridicaaerea.com\/en\/general-conditions\/","title":{"rendered":"General conditions"},"content":{"rendered":"<h3>1.&nbsp;LEGAL INFORMATION AND ACCEPTANCE<\/h3>\n<p>These provisions regulate the use of the service of the Internet portal (hereinafter referred to as the &#8216;Portal&#8217;) that Jur\u00eddica A\u00e9rea S.L. (hereinafter referred to as \u201cJur\u00eddica A\u00e9rea&#8221;) makes available to Internet users.<\/p>\n<p>Jur\u00eddica A\u00e9rea, with registered office at Crist\u00f3bal Bordiu Street 35, 4\u00ba 22, 28003 Madrid, Spain and C.I.F. number B 87567194, is registered in the Mercantile Register of Madrid, Volume 34,773, Folio 1, Section GNE, Sheet 625.434. Telephone: 91 070 90 08. Mobile: 644 23 60 88. Fax: 91 141 33 10.<\/p>\n<p>Access to the website is free except for the cost of the connection through the telecommunications network provided by the access provider contracted by the users. Certain services are exclusive to our clients and their access is restricted. The legal services provided by the Office in general have the price indicated in the corresponding proposal for professional services or custom sheet.<\/p>\n<p>The use of the Portal attributes the user status of the Portal (hereinafter, the &#8216;User&#8217;) and implies the acceptance of all the conditions included in this Legal Notice. The provision of the service of the Portal has a limited duration to the moment in which the User is connected to the Portal or to any of the services provided through it. Therefore, the User must carefully read this Legal Notice on each of the occasions in which it proposes to use the Portal, as this and its conditions of use contained in this Legal Notice may be modified.<\/p>\n<p>Some services of the Portal accessible to Internet users or exclusive to clients of Jur\u00eddica A\u00e9rea may be subject to particular conditions, regulations and instructions that, if necessary, replace, complete and \/ or modify this Legal Notice and that must be accepted by the User before starting the provision of the corresponding service.<\/p>\n<h3>2.&nbsp;INTELLECTUAL AND INDUSTRIAL PROPERTY<\/h3>\n<p>All the contents of the Portal, including but not limited to texts, photographs, graphics, images, icons, technology, software, links and other audiovisual or sound content, as well as graphic design and source codes (hereinafter &#8216;Contents&#8217;), are the intellectual property of Jur\u00eddica A\u00e9rea or third parties, without the possibility of being understood as having been assigned to the User any of the exploitation rights recognized by the current legislation on intellectual property on them, except those that are strictly necessary for the use of the Portal.<\/p>\n<p>Trademarks, trade names or distinctive signs are owned by Jur\u00eddica A\u00e9rea or third parties, without it being understood that access to the Portal attributes any rights to said trademarks, trade names and \/ or distinctive signs.<\/p>\n<h3>3.&nbsp;Terms of use of the portal<\/h3>\n<h4>3.1 GENERAL<\/h4>\n<p>The User agrees to make correct use of the Portal in accordance with the Law and this Legal Notice. The User will be liable in front of Jur\u00eddica A\u00e9rea or against third parties for any damages that may be caused as a result of the breach of said obligation.<\/p>\n<p>It is expressly prohibited to use the Portal for purposes that are harmful to property or interests of Jur\u00eddica A\u00e9rea or third parties or that in any way overload, damage or render useless the networks, servers and other computer equipment or software products and applications, of Legal Jurisdiction or of third parties.<\/p>\n<p>&nbsp;<\/p>\n<h4>3.2 CONTENTS<\/h4>\n<p>The User agrees to use the Contents in accordance with the Law and this Legal Notice, as well as with the other conditions, regulations and instructions that may be applicable in accordance with the provisions of clause 1. Merely enunciative, the User in accordance with current legislation shall abstain from:<\/p>\n<p>Reproduce, copy, distribute, make available, publicly communicate, transform or modify the Contents, except in cases authorized by law or expressly consented to by Jur\u00eddica A\u00e9rea or by the holder of the exploitation rights in their case.<\/p>\n<p>Reproduce or copy for private use the Contents that may be considered as Software or Database in accordance with current legislation on intellectual property, as well as its public communication or making available to third parties when these acts necessarily involve the reproduction by of the User or of a third party.<\/p>\n<p>Extract and \/ or reuse all or a substantial part of the Contents that are part of the Portal as well as of the databases that Jur\u00eddica A\u00e9rea makes available to Users.<\/p>\n<p>&nbsp;<\/p>\n<h4>3.3 DATA COLLECTION FORMS<\/h4>\n<p>Notwithstanding the provisions of clause 5 of this Legal Notice, as well as in the privacy policies accessible from the Portal and that may be applicable at any time, the use of certain services or requests directed to Jur\u00eddica A\u00e9rea are conditioned to the previous completing the corresponding User registration using the claim form or contact form.<\/p>\n<p>All information provided by the User through the forms of the Portal for the purposes above or any others must be truthful. For these purposes, the User guarantees the authenticity of all the data communicated and will keep the information provided to Jur\u00eddica A\u00e9rea perfectly updated in a way that responds at all times to the actual situation of the User. In any case, the User will be solely responsible for any false or inaccurate statements made and for any damages caused to Jur\u00eddica A\u00e9rea or third parties for the information provided.<\/p>\n<p>&nbsp;<\/p>\n<h4>3.4 INTRODUCTION OF PORTAL LINKS<\/h4>\n<p>The Internet user who wants to introduce links from their own web pages to the Portal must comply with the following conditions without ignoring them avoid the responsibilities derived from the Law:<\/p>\n<p>The link will only link to the home page or main page of the Portal but you will not be able to reproduce it in any way (inline links, copy of texts, graphics, etc).<\/p>\n<p>In any case, it will be prohibited, according to the applicable legislation and in force at any moment, to establish frames or frames of any kind that involve the Portal or allow the viewing of the Contents through Internet addresses other than those of the Portal and, in any case, when viewed in conjunction with content outside the Portal in such a way that: (I) produces, or can produce, error, confusion or deception in the users about the true origin of the service or Contents; (II) involves an act of unfair comparison or imitation; (III) serves to take advantage of the reputation of the brand and prestige of Jur\u00eddica A\u00e9rea; or (IV) in any other way is prohibited by current legislation.<\/p>\n<p>No false, inaccurate or incorrect information about Jur\u00eddica A\u00e9rea, its partners, employees, clients or the quality of the services it provides will not be made from the page that introduces the link.<\/p>\n<p>In no case, will be expressed in the page where the link is located that Jur\u00eddica A\u00e9rea has given its consent to the insertion of the link or otherwise sponsor, collaborate, verify or supervise the services of the sender.<\/p>\n<p>The use of any word, graphic or mixed mark or any other distinctive sign of Jur\u00eddica A\u00e9rea within the sender&#8217;s website is prohibited except in cases permitted by law or expressly authorized by Jur\u00eddica A\u00e9rea and provided that, in these cases, a direct link to the Portal in the manner established in this clause<\/p>\n<p>The page that establishes the link must faithfully comply with the law and can not in any case dispose of or link with its own or third-party content that: (I) is illegal, harmful or contrary to morality and good customs (pornographic, violent, racist, etc.); (II) to induce or may induce in the User the false conception that Jur\u00eddica A\u00e9rea subscribes, endorses, adheres to, or in any way supports, the ideas, manifestations or expressions, legal or illegal, of the sender; (III) are inappropriate or not pertinent to the activity of Jur\u00eddica A\u00e9rea in view of the place, contents and thematic of the web page of the sender.<\/p>\n<p>&nbsp;<\/p>\n<h3>4. DISCLAIMER OF LIABILITY<\/h3>\n<p>&nbsp;<\/p>\n<h4>4.1 INFORMATION<\/h4>\n<p>Access to the Portal does not imply an obligation by Jur\u00eddica A\u00e9rea to verify the truthfulness, accuracy, adequacy, suitability, completeness and timeliness of the information provided through it. The contents of this page are of a general nature and do not constitute, in any way, the provision of a legal or tax advice service of any kind, reason why this information is insufficient for the personal or business decisions made by the User .<\/p>\n<p>Jur\u00eddica A\u00e9rea is not responsible for the decisions taken from the information provided in the Portal or the damages caused in the User or third parties due to actions based solely on the information obtained in the Portal.<\/p>\n<p>&nbsp;<\/p>\n<h4>4.2 QUALITY OF SERVICE<\/h4>\n<p>Access to the Portal does not imply an obligation on the part of Jur\u00eddica A\u00e9rea to control the absence of viruses or any other harmful computer elements. It is the responsibility of the User, in any case, the availability of suitable tools for the detection and elimination of harmful software.<\/p>\n<p>Jur\u00eddica A\u00e9rea is not responsible for the damages caused in the computer equipment of the Users or third parties during the provision of the service of the Portal.<\/p>\n<p>&nbsp;<\/p>\n<h4>4.3 OF THE SERVICE AVAILABILITY<\/h4>\n<p>Access to the Portal requires services and supplies from third parties, including transportation through telecommunications networks whose reliability, quality, continuity and operation does not correspond to Jur\u00eddica A\u00e9rea. Consequently, the services provided through the Portal may be suspended, canceled or inaccessible, prior or simultaneous to the provision of the Portal service.<\/p>\n<p>Jur\u00eddica A\u00e9rea is not liable for damages or damages of any kind produced in the User that cause failures or disconnections in the telecommunications networks that cause the suspension, cancellation or interruption of the service of the Portal during the provision of the same or prior .<\/p>\n<p>&nbsp;<\/p>\n<h4>4.4 OF THE CONTENTS AND SERVICES LINKED THROUGH THE PORTAL<\/h4>\n<p>The service of access to the Portal includes technical linking devices, directories and even search tools that allow the User to access other pages and Internet portals (hereinafter, &#8216;Linked Sites&#8217;). In these cases, Jur\u00eddica A\u00e9rea acts as a provider of intermediation services in accordance with article 17 of Law 34\/2002, of July 12, on Services of the Information Society and Electronic Commerce (&#8216;LSSI&#8217;) and only will be responsible for the contents and services provided in the Linked Sites to the extent that it has effective knowledge of the wrongfulness and has not deactivated the link with due diligence. In the event that the User considers that there is a Linked Site with illicit or inappropriate content, it may communicate it to Jur\u00eddica A\u00e9rea in accordance with the procedure and effects set forth in clause 6, without in any case this communication entails the obligation to withdraw the corresponding link.<\/p>\n<p>In no case, the existence of Linked Sites must presuppose the existence of agreements with those responsible or their holders, nor the recommendation, promotion or identification of Jur\u00eddica A\u00e9rea with the manifestations, contents or services provided.<\/p>\n<p>Jur\u00eddica A\u00e9rea does not know the contents and services of the Linked Sites and therefore is not responsible for the damages caused by the wrongfulness, quality, outdatedness, unavailability, error and uselessness of the contents and \/ or services of Linked Sites nor by any other damage that is not directly attributable to Jur\u00eddica A\u00e9rea.<\/p>\n<p>&nbsp;<\/p>\n<h3>5. PROTECTION OF PERSONAL DATA<\/h3>\n<p>&nbsp;<\/p>\n<h4>5.1. TREATMENT OF PERSONAL DATA<\/h4>\n<p>In compliance with the provisions of Organic Law 15\/1999, of 13 December, on the Protection of Personal Data (&#8216;LOPD&#8217;), we inform you that the personal data and information you provide when completing any electronic form available on the Portal (&#8216;Data&#8217;), will be incorporated into a data file of a personal nature owned by Jur\u00eddica A\u00e9rea. The purpose of the processing of the Data is to proceed with your request. The questions included in each of the forms are voluntary, except those marked with an asterisk (*) that are mandatory. In the case of not answering the mandatory questions, Jur\u00eddica A\u00e9rea reserves the right not to process incomplete applications.<\/p>\n<p>&nbsp;<\/p>\n<h4>5.2. COMMERCIAL COMMUNICATIONS<\/h4>\n<p>In any of the electronic forms you will be asked for your express consent to be able to send commercial communications by any means, including electronic mail or equivalent electronic means of communication, in accordance with the provisions of Article 21 LSSI.<\/p>\n<p>&nbsp;<\/p>\n<h4>5.3. SECURITY MEASURES<\/h4>\n<p>Juridica A\u00e9rea adopts the levels of security required by Royal Decree 1720\/2007, of December 21, approving the Regulation of development of the LOPD, appropriate to the nature of the data that are subject to treatment at any time. Notwithstanding the foregoing, technical security in a medium such as the Internet is not impregnable and there may be fraudulent actions by third parties, although Legal Air provides all means at their disposal to avoid such actions.<\/p>\n<p>&nbsp;<\/p>\n<h4>5.4. COOKIES USE POLICY<\/h4>\n<p>In compliance with the provisions of Article 22.2 LSSI, Jur\u00eddica A\u00e9rea will only use data storage and retrieval devices (&#8216;cookies&#8217;) when the user has given their prior consent to do so according to what is indicated in the browser popup of the user when it first accedes to the Portal and in the other terms and conditions that are indicated in the Legal Policy of Cookies that every user must know.<\/p>\n<p>&nbsp;<\/p>\n<h4>5.5. ARCO RIGHTS<\/h4>\n<p>The User may exercise his rights of Access, Rectification, Cancellation and Opposition (&#8216;ARCO Rights&#8217;) in accordance with legally established terms and must send a communication by mail to the Department of Data Protection and Privacy of Legal Affairs, Crist\u00f3bal Bordi\u00fa Street 35, 4\u00ba 22, 28003 Madrid, or by sending an e-mail to the following address: lopd@juridicaaerea.com, indicating in both cases your name, surname and ID, NIE or Passport.<\/p>\n<p>&nbsp;<\/p>\n<h3>6. COMMUNICATION OF ILLICIT AND IMPROPER ACTIVITIES<\/h3>\n<p>In the event that the User or any other Internet user is aware that the Linked Sites refer to pages whose contents or services are illegal, harmful, degrading, violent or contrary to morale, you may contact Jur\u00eddica A\u00e9rea indicating the following extremes:<\/p>\n<p>Personal data of the caller: name, address, telephone number and e-mail address;<\/p>\n<p>Description of the facts that reveal the illicit or inadequate character of the Linked Site;<\/p>\n<p>In the event of violation of rights, such as intellectual and industrial property, the personal data of the right holder infringed when a person other than the communicant. Likewise, it must provide the title that establishes the legitimacy of the owner of the rights and, where appropriate, the representation to act on behalf of the owner when he is a person other than the communicant;<\/p>\n<p>Express statement that the information contained in the claim is accurate.<\/p>\n<p>The reception by the Legal Department of the communication provided for in this clause will not imply, according to the provisions of the LSSI, the effective knowledge of the activities and \/ or contents indicated by the communicator.<\/p>\n<p>Likewise, it must provide the title that establishes the legitimacy of the owner of the rights and, where appropriate, the representation to act on behalf of the owner when he is a person other than the communicant; Express statement that the information contained in the claim is accurate.<\/p>\n<p>The reception by the Legal Department of the communication provided for in this clause will not imply, according to the provisions of the LSSI, the effective knowledge of the activities and \/ or contents indicated by the communicator.<\/p>\n<p>&nbsp;<\/p>\n<h3>7. LEGISLATION<\/h3>\n<p>&nbsp;<\/p>\n<p>This Legal Notice is governed in each and every one of its ends by Spanish law.<\/p>\n<p>COOKIES POLICY<\/p>\n<p>Our website www.juridicaaerea.com (the &#8220;Website&#8221;) uses a technology called &#8220;cookies&#8221; in order to be able to collect information about the use of the Website.<\/p>\n<p>We inform you that we may use cookies in order to facilitate your browsing through the Website, distinguish you from other users, provide you with a better experience in using it, and identify problems to improve our Website. Likewise, in the event that you consent, we will use cookies that allow us to obtain more information about your preferences and personalize our Website in accordance with your individual interests.<\/p>\n<p>This cookies policy is intended to inform you clearly and precisely about the cookies that are used on our Website (the &#8220;Cookies Policy&#8221;). In case you want to collect more information about the cookies we use on the Website, you can send an email to the following address: lopd@juridicaaerea.com<\/p>\n<ol>\n<li>COOKIES<\/li>\n<\/ol>\n<p>A cookie is a file that is downloaded to your browser (computer or mobile device) in order to store data that can be updated and retrieved by the entity responsible for its installation.<\/p>\n<p>The information collected through cookies may include the date and time of visits to the Website, the pages viewed, the time that has been on our Website and the sites visited just before and after it.<\/p>\n<ol start=\"2\">\n<li>TYPE OF COOKIES USED ON THE WEBSITE<\/li>\n<\/ol>\n<p>Our Website uses the cookies described below:<\/p>\n<p>2.1. Own Cookies<\/p>\n<p>Are those cookies that are sent to your browser and managed exclusively by us for the best operation of the Website. The information we collect is used to improve the quality of our service and your experience as a user. These cookies remain in your browser longer, allowing us to recognize you as a recurring visitor to the Website and adapt the content to offer you content that suits your preferences.<\/p>\n<p>2.2. Third-party analytic cookies<\/p>\n<p>On our website we also use the audience measurement system Google Analytics, a Google web analytics tool that allows us to know how users of our website interact. It also enables cookies in the domain of the site where the user is located and uses a set of cookies called &#8220;__utma&#8221; and &#8220;__utmz&#8221; to collect information anonymously and compile reports of Web site trends without identifying individual users. Learn more about Google Analytics cookies and privacy information.<\/p>\n<p>Together with our server log files, we are able to know the total number of users who visit our Website and those parts of it that are most popular. Thanks to them we obtain information that can help us improve navigation and give a better service to users and customers.<\/p>\n<p>If you interact with the content of our Website, you can also set third-party cookies (for example, by pressing social networking buttons or watching videos hosted on another website). Third party cookies are those established by a different domain of our Website. We can not access the data stored in the cookies of other websites when browsing the aforementioned websites.<\/p>\n<p>Here is the link to the Google website where you can see the description of the type of cookies used by Google Analitycs and its expiration period: https:\/\/developers.google.com\/analytics\/devguides\/collection\/analyticsjs\/cookie-usage ? hl = en<\/p>\n<ol start=\"3\">\n<li>CONSENT<\/li>\n<\/ol>\n<p>By browsing and continuing on our Website, you will consent to the use of the above-mentioned cookies, for the periods indicated and in the conditions contained in this Cookies Policy.<\/p>\n<ol start=\"4\">\n<li>DISABLE AND BLOCK COOKIES<\/li>\n<\/ol>\n<p>In any case, we inform you that since cookies are not necessary for the use of our Website, you can block or disable them by activating the configuration of your browser that allows you to reject the installation of all cookies or some of them. The majority of browsers allow to warn of the presence of cookies or to reject them automatically. If you reject them you may continue to use our Website, although the use of some of its services may be limited and therefore your experience in our Website less satisfactory.<\/p>\n<ol start=\"5\">\n<li>REMOVE MY CONSENT<\/li>\n<\/ol>\n<p>If you wish to withdraw your consent at any time related to this Cookies Policy, you must delete the cookies stored in your browser (computer or mobile device) through the settings and configurations of your Internet browser.<\/p>\n<p>Unless you have adjusted your browser settings, our system will create cookies as soon as you visit our Website. Keep in mind that all Internet browsers allow you to change these settings.<\/p>\n<ol start=\"6\">\n<li>CHANGES IN COOKIES POLICY<\/li>\n<\/ol>\n<p>We may update the Cookies Policy of our Website, so we recommend that you review this policy each time you access our Website in order to be properly informed about how and for what we use cookies. Cookies Policy was last updated as of [06\/10\/2016].<\/p>\n<ol start=\"7\">\n<li>CONTACT<\/li>\n<\/ol>\n<p>If you have any questions, comments or suggestions about the Cookies Policy, please write to: lopd@juridicaaerea.com.<\/p>\n<p>&nbsp;<\/p>\n","protected":false},"excerpt":{"rendered":"<p>1.&nbsp;LEGAL INFORMATION AND ACCEPTANCE These provisions regulate the use of the service of the Internet portal (hereinafter referred to as [&hellip;]<\/p>\n","protected":false},"author":3,"featured_media":51,"parent":0,"menu_order":13,"comment_status":"closed","ping_status":"closed","template":"condiciones-generales.php","meta":{"_acf_changed":false,"footnotes":""},"acf":[],"_links":{"self":[{"href":"https:\/\/juridicaaerea.com\/en\/wp-json\/wp\/v2\/pages\/788"}],"collection":[{"href":"https:\/\/juridicaaerea.com\/en\/wp-json\/wp\/v2\/pages"}],"about":[{"href":"https:\/\/juridicaaerea.com\/en\/wp-json\/wp\/v2\/types\/page"}],"author":[{"embeddable":true,"href":"https:\/\/juridicaaerea.com\/en\/wp-json\/wp\/v2\/users\/3"}],"replies":[{"embeddable":true,"href":"https:\/\/juridicaaerea.com\/en\/wp-json\/wp\/v2\/comments?post=788"}],"version-history":[{"count":6,"href":"https:\/\/juridicaaerea.com\/en\/wp-json\/wp\/v2\/pages\/788\/revisions"}],"predecessor-version":[{"id":2295,"href":"https:\/\/juridicaaerea.com\/en\/wp-json\/wp\/v2\/pages\/788\/revisions\/2295"}],"wp:featuredmedia":[{"embeddable":true,"href":"https:\/\/juridicaaerea.com\/en\/wp-json\/wp\/v2\/media\/51"}],"wp:attachment":[{"href":"https:\/\/juridicaaerea.com\/en\/wp-json\/wp\/v2\/media?parent=788"}],"curies":[{"name":"wp","href":"https:\/\/api.w.org\/{rel}","templated":true}]}}