{"id":783,"date":"2016-03-12T08:10:42","date_gmt":"2016-03-12T08:10:42","guid":{"rendered":"http:\/\/localhost:8888\/newja\/en-savoir-plus-sur-nous\/"},"modified":"2017-10-10T10:27:37","modified_gmt":"2017-10-10T08:27:37","slug":"a-propos-de-nous","status":"publish","type":"page","link":"https:\/\/juridicaaerea.com\/fr\/a-propos-de-nous\/","title":{"rendered":"A propos de nous"},"content":{"rendered":"<p>Nous sommes un cabinet d\u2019avocats sp\u00e9cialis\u00e9 en droit a\u00e9rien. Notre objectif est de d\u00e9fendre le passager face aux abus des compagnies a\u00e9riennes, faisant valoir ses droits et en l\u2019aidant \u00e0 obtenir l\u2019indemnisation qui lui correspond de par la loi face \u00e0 des probl\u00e8mes dans ses voyages.<\/p>\n","protected":false},"excerpt":{"rendered":"<p>Nous sommes un cabinet d\u2019avocats sp\u00e9cialis\u00e9 en droit a\u00e9rien. Notre objectif est de d\u00e9fendre le passager face aux abus des [&hellip;]<\/p>\n","protected":false},"author":3,"featured_media":178,"parent":0,"menu_order":8,"comment_status":"closed","ping_status":"closed","template":"sobre-nosotros.php","meta":{"_acf_changed":false,"footnotes":""},"acf":[],"_links":{"self":[{"href":"https:\/\/juridicaaerea.com\/fr\/wp-json\/wp\/v2\/pages\/783"}],"collection":[{"href":"https:\/\/juridicaaerea.com\/fr\/wp-json\/wp\/v2\/pages"}],"about":[{"href":"https:\/\/juridicaaerea.com\/fr\/wp-json\/wp\/v2\/types\/page"}],"author":[{"embeddable":true,"href":"https:\/\/juridicaaerea.com\/fr\/wp-json\/wp\/v2\/users\/3"}],"replies":[{"embeddable":true,"href":"https:\/\/juridicaaerea.com\/fr\/wp-json\/wp\/v2\/comments?post=783"}],"version-history":[{"count":9,"href":"https:\/\/juridicaaerea.com\/fr\/wp-json\/wp\/v2\/pages\/783\/revisions"}],"predecessor-version":[{"id":1376,"href":"https:\/\/juridicaaerea.com\/fr\/wp-json\/wp\/v2\/pages\/783\/revisions\/1376"}],"wp:featuredmedia":[{"embeddable":true,"href":"https:\/\/juridicaaerea.com\/fr\/wp-json\/wp\/v2\/media\/178"}],"wp:attachment":[{"href":"https:\/\/juridicaaerea.com\/fr\/wp-json\/wp\/v2\/media?parent=783"}],"curies":[{"name":"wp","href":"https:\/\/api.w.org\/{rel}","templated":true}]}}