{"id":810,"date":"2016-04-20T09:53:30","date_gmt":"2016-04-20T09:53:30","guid":{"rendered":"http:\/\/localhost:8888\/newja\/merci-accueil\/"},"modified":"2017-10-09T17:29:12","modified_gmt":"2017-10-09T15:29:12","slug":"merci-accueil","status":"publish","type":"page","link":"https:\/\/juridicaaerea.com\/fr\/merci-accueil\/","title":{"rendered":"Merci &#8211; Accueil"},"content":{"rendered":"<p>Comme vous nous avez fourni \u00a0tr\u00e8s peu d&rsquo;information sur le vol, nous allons rapidement vous contacter. Nous avons besoin des dates pr\u00e9cises ainsi que l&rsquo;origine et la destination du vol.<strong> De cette mani\u00e8re nous pourrons vous dire si votre r\u00e9clamation est recevable et quelles sont les d\u00e9marches \u00e0 suivre afin d&rsquo;obtenir votre d\u00e9dommagement.<\/strong><\/p>\n<p><strong>98% des proc\u00e9dures que nous lan\u00e7ons sont remport\u00e9es<\/strong>. Nos honoraires s\u2019\u00e9l\u00e8vent \u00e0 25% (plus TVA) du montant total de votre indemnisation, que nous encaissons uniquement en cas de r\u00e9ussite. Cela signifie que vous ne paierez strictement rien si nous ne gagnons pas la proc\u00e9dure.<\/p>\n<p>De plus,<strong> vous n\u2019avez aucun frais \u00e0 payer \u00e0 l&rsquo;avance<\/strong>, et m\u00eame si nous devons entamer des d\u00e9marches juridiques\u00a0: nous prendrons tous ces frais en charge.<\/p>\n","protected":false},"excerpt":{"rendered":"<p>Comme vous nous avez fourni \u00a0tr\u00e8s peu d&rsquo;information sur le vol, nous allons rapidement vous contacter. Nous avons besoin des [&hellip;]<\/p>\n","protected":false},"author":3,"featured_media":210,"parent":0,"menu_order":1,"comment_status":"closed","ping_status":"closed","template":"","meta":{"_acf_changed":false,"footnotes":""},"acf":[],"_links":{"self":[{"href":"https:\/\/juridicaaerea.com\/fr\/wp-json\/wp\/v2\/pages\/810"}],"collection":[{"href":"https:\/\/juridicaaerea.com\/fr\/wp-json\/wp\/v2\/pages"}],"about":[{"href":"https:\/\/juridicaaerea.com\/fr\/wp-json\/wp\/v2\/types\/page"}],"author":[{"embeddable":true,"href":"https:\/\/juridicaaerea.com\/fr\/wp-json\/wp\/v2\/users\/3"}],"replies":[{"embeddable":true,"href":"https:\/\/juridicaaerea.com\/fr\/wp-json\/wp\/v2\/comments?post=810"}],"version-history":[{"count":5,"href":"https:\/\/juridicaaerea.com\/fr\/wp-json\/wp\/v2\/pages\/810\/revisions"}],"predecessor-version":[{"id":1365,"href":"https:\/\/juridicaaerea.com\/fr\/wp-json\/wp\/v2\/pages\/810\/revisions\/1365"}],"wp:featuredmedia":[{"embeddable":true,"href":"https:\/\/juridicaaerea.com\/fr\/wp-json\/wp\/v2\/media\/210"}],"wp:attachment":[{"href":"https:\/\/juridicaaerea.com\/fr\/wp-json\/wp\/v2\/media?parent=810"}],"curies":[{"name":"wp","href":"https:\/\/api.w.org\/{rel}","templated":true}]}}