{"id":816,"date":"2016-05-18T13:22:27","date_gmt":"2016-05-18T13:22:27","guid":{"rendered":"http:\/\/localhost:8888\/newja\/merci-temoignages\/"},"modified":"2017-10-09T16:35:52","modified_gmt":"2017-10-09T14:35:52","slug":"merci-temoignages","status":"publish","type":"page","link":"https:\/\/juridicaaerea.com\/fr\/merci-temoignages\/","title":{"rendered":"Merci T\u00e9moignages"},"content":{"rendered":"<p>98% des proc\u00e9dures que nous lan\u00e7ons sont remport\u00e9es. Nos honoraires s\u2019\u00e9l\u00e8vent \u00e0 25% du montant total de votre d\u00e9dommagement, que nous encaissons uniquement en cas de r\u00e9ussite. Cela signifie que vous ne paierez strictement rien si nous ne gagnons pas la proc\u00e9dure. De plus, vous n\u2019avez aucun frais rien \u00e0 payer \u00e0 l&rsquo;avance, m\u00eame si nous devons entamer des d\u00e9marches juridiques\u00a0: nous prendrons tous ces frais en charge.<br \/>\nN&rsquo;attendez plus pour r\u00e9clamer ce qui vous est d\u00fb !<\/p>\n","protected":false},"excerpt":{"rendered":"<p>98% des proc\u00e9dures que nous lan\u00e7ons sont remport\u00e9es. Nos honoraires s\u2019\u00e9l\u00e8vent \u00e0 25% du montant total de votre d\u00e9dommagement, que [&hellip;]<\/p>\n","protected":false},"author":3,"featured_media":210,"parent":0,"menu_order":0,"comment_status":"closed","ping_status":"closed","template":"","meta":{"_acf_changed":false,"footnotes":""},"acf":[],"_links":{"self":[{"href":"https:\/\/juridicaaerea.com\/fr\/wp-json\/wp\/v2\/pages\/816"}],"collection":[{"href":"https:\/\/juridicaaerea.com\/fr\/wp-json\/wp\/v2\/pages"}],"about":[{"href":"https:\/\/juridicaaerea.com\/fr\/wp-json\/wp\/v2\/types\/page"}],"author":[{"embeddable":true,"href":"https:\/\/juridicaaerea.com\/fr\/wp-json\/wp\/v2\/users\/3"}],"replies":[{"embeddable":true,"href":"https:\/\/juridicaaerea.com\/fr\/wp-json\/wp\/v2\/comments?post=816"}],"version-history":[{"count":6,"href":"https:\/\/juridicaaerea.com\/fr\/wp-json\/wp\/v2\/pages\/816\/revisions"}],"predecessor-version":[{"id":1355,"href":"https:\/\/juridicaaerea.com\/fr\/wp-json\/wp\/v2\/pages\/816\/revisions\/1355"}],"wp:featuredmedia":[{"embeddable":true,"href":"https:\/\/juridicaaerea.com\/fr\/wp-json\/wp\/v2\/media\/210"}],"wp:attachment":[{"href":"https:\/\/juridicaaerea.com\/fr\/wp-json\/wp\/v2\/media?parent=816"}],"curies":[{"name":"wp","href":"https:\/\/api.w.org\/{rel}","templated":true}]}}