{"id":1591,"date":"2016-03-17T07:55:35","date_gmt":"2016-03-17T07:55:35","guid":{"rendered":"https:\/\/juridicaaerea.com\/condiciones-generales\/"},"modified":"2019-03-10T15:38:17","modified_gmt":"2019-03-10T13:38:17","slug":"condiciones-generales","status":"publish","type":"page","link":"https:\/\/juridicaaerea.com\/it\/condiciones-generales\/","title":{"rendered":"Condiciones generales"},"content":{"rendered":"<h3>1. INFORMACI\u00d3N LEGAL Y ACEPTACI\u00d3N<\/h3>\n<p>Las presentes disposiciones regulan el uso del servicio del portal de Internet (en adelante, el &#8216;Portal&#8217;) que Jur\u00eddica A\u00e9rea S.L. (en adelante, Jur\u00eddica A\u00e9rea) pone a disposici\u00f3n de los usuarios de Internet.<\/p>\n<p>Jur\u00eddica A\u00e9rea, con domicilio social en la Calle Crist\u00f3bal Bordiu 35, 4\u00ba 22, 28003 Madrid, Espa\u00f1a y C.I.F. n\u00famero B 87567194, est\u00e1 inscrita en el Registro Mercantil de Madrid, Tomo 34.773, Folio 1, Secci\u00f3n GNE, Hoja 625.434. Tel\u00e9fono: 91 070 90 08. M\u00f3vil: 644 23 60 88. Fax: 91 141 33 10.<\/p>\n<p>El acceso a la p\u00e1gina web es gratuito salvo en lo relativo al coste de la conexi\u00f3n a trav\u00e9s de la red de telecomunicaciones suministrada por el proveedor de acceso contratado por los usuarios. Determinados servicios son exclusivos para nuestros clientes y su acceso se encuentra restringido. Los servicios jur\u00eddicos que presta el Despacho con car\u00e1cter general tienen el precio que se indique en la correspondiente propuesta de servicios profesionales u hoja de encargo.<\/p>\n<p>La utilizaci\u00f3n del Portal atribuye la condici\u00f3n de usuario del Portal (en adelante, el &#8216;Usuario&#8217;) e implica la aceptaci\u00f3n de todas las condiciones incluidas en este Aviso Legal. La prestaci\u00f3n del servicio del Portal tiene una duraci\u00f3n limitada al momento en el que el Usuario se encuentre conectado al Portal o a alguno de los servicios que a trav\u00e9s del mismo se facilitan. Por tanto, el Usuario debe leer atentamente el presente Aviso Legal en cada una de las ocasiones en que se proponga utilizar el Portal, ya que \u00e9ste y sus condiciones de uso recogidas en el presente Aviso Legal pueden sufrir modificaciones.<\/p>\n<p>Algunos servicios del Portal accesibles para los usuarios de Internet o exclusivos para los clientes de Jur\u00eddica A\u00e9rea pueden estar sometidos a condiciones particulares, reglamentos e instrucciones que, en su caso, sustituyen, completan y\/o modifican el presente Aviso Legal y que deber\u00e1n ser aceptadas por el Usuario antes de iniciarse la prestaci\u00f3n del servicio correspondiente.<\/p>\n<p>&nbsp;<\/p>\n<h3>2. PROPIEDAD INTELECTUAL E INDUSTRIAL<\/h3>\n<p>Todos los contenidos del Portal, entendiendo por estos a t\u00edtulo meramente enunciativo, los textos, fotograf\u00edas, gr\u00e1ficos, im\u00e1genes, iconos, tecnolog\u00eda, software, links y dem\u00e1s contenidos audiovisuales o sonoros, as\u00ed como su dise\u00f1o gr\u00e1fico y c\u00f3digos fuente (en adelante, los &#8216;Contenidos&#8217;), son propiedad intelectual de Jur\u00eddica A\u00e9rea o de terceros, sin que puedan entenderse cedidos al Usuario ninguno de los derechos de explotaci\u00f3n reconocidos por la normativa vigente en materia de propiedad intelectual sobre los mismos, salvo aquellos que resulten estrictamente necesario para el uso del Portal.<\/p>\n<p>Las marcas, nombres comerciales o signos distintivos son titularidad de Jur\u00eddica A\u00e9rea o terceros, sin que pueda entenderse que el acceso al Portal atribuya ning\u00fan derecho sobre las citadas marcas, nombres comerciales y\/o signos distintivos.<\/p>\n<p>&nbsp;<\/p>\n<h3>3. Condiciones de uso del portal<\/h3>\n<p>&nbsp;<\/p>\n<h4>3.1 GENERAL<\/h4>\n<p>El Usuario se obliga a hacer un uso correcto del Portal de conformidad con la Ley y el presente Aviso Legal. El Usuario responder\u00e1 frente a Jur\u00eddica A\u00e9rea o frente a terceros de cualesquiera da\u00f1os y perjuicios que pudieran causarse como consecuencia del incumplimiento de dicha obligaci\u00f3n.<\/p>\n<p>Queda expresamente prohibido el uso del Portal con fines lesivos de bienes o intereses de Jur\u00eddica A\u00e9rea o de terceros o que de cualquier otra forma sobrecarguen, da\u00f1en o inutilicen las redes, servidores y dem\u00e1s equipos inform\u00e1ticos (hardware) o productos y aplicaciones inform\u00e1ticas (software) de Jur\u00eddica A\u00e9rea o de terceros.<\/p>\n<p>&nbsp;<\/p>\n<h4>3.2 CONTENIDOS<\/h4>\n<p>El Usuario se compromete a utilizar los Contenidos de conformidad con la Ley y el presente Aviso Legal, as\u00ed como con las dem\u00e1s condiciones, reglamentos e instrucciones que en su caso pudieran ser de aplicaci\u00f3n de conformidad con lo dispuesto en la cl\u00e1usula 1. Con car\u00e1cter meramente enunciativo, el Usuario de acuerdo con la legislaci\u00f3n vigente deber\u00e1 abstenerse de:<\/p>\n<p>Reproducir, copiar, distribuir, poner a disposici\u00f3n, comunicar p\u00fablicamente, transformar o modificar los Contenidos salvo en los casos autorizados en la ley o expresamente consentidos por Jur\u00eddica A\u00e9rea o por quien ostente la titularidad de los derechos de explotaci\u00f3n en su caso.<br \/>\nReproducir o copiar para uso privado los Contenidos que puedan ser considerados como Software o Base de Datos de conformidad con la legislaci\u00f3n vigente en materia de propiedad intelectual, as\u00ed como su comunicaci\u00f3n p\u00fablica o puesta a disposici\u00f3n de terceros cuando estos actos impliquen necesariamente la reproducci\u00f3n por parte del Usuario o de un tercero.<br \/>\nExtraer y\/o reutilizar la totalidad o una parte sustancial de los Contenidos integrantes del Portal as\u00ed como de las bases de datos que Jur\u00eddica A\u00e9rea ponga a disposici\u00f3n de los Usuarios.<\/p>\n<p>&nbsp;<\/p>\n<h4>3.3 FORMULARIOS DE RECOGIDA DE DATOS<\/h4>\n<p>Sin perjuicio de lo dispuesto en la cl\u00e1usula 5 del presente Aviso Legal, as\u00ed como en las pol\u00edticas de privacidad accesibles desde el Portal y que pudieran resultar aplicable en cada momento, la utilizaci\u00f3n de ciertos servicios o solicitudes dirigidas a Jur\u00eddica A\u00e9rea est\u00e1n condicionadas a la previa cumplimentaci\u00f3n del correspondiente registro de Usuario mediante el formulario de reclamaci\u00f3n o de contacto.<\/p>\n<p>Toda la informaci\u00f3n que facilite el Usuario a trav\u00e9s de los formularios del Portal a los efectos anteriores o cualesquiera otros deber\u00e1 ser veraz. A estos efectos, el Usuario garantiza la autenticidad de todos aquellos datos que comunique y mantendr\u00e1 la informaci\u00f3n facilitada a Jur\u00eddica A\u00e9rea perfectamente actualizada de forma que responda, en todo momento, a la situaci\u00f3n real del Usuario. En todo caso ser\u00e1 el Usuario el \u00fanico responsable de las manifestaciones falsas o inexactas que realice y de los perjuicios que cause a Jur\u00eddica A\u00e9rea o a terceros por la informaci\u00f3n que facilite.<\/p>\n<p>&nbsp;<\/p>\n<h4>3.4 INTRODUCCI\u00d3N DE ENLACES AL PORTAL<\/h4>\n<p>El usuario de Internet que quiera introducir enlaces desde sus propias p\u00e1ginas web al Portal deber\u00e1 cumplir con las condiciones que se detallan a continuaci\u00f3n sin que el desconocimiento de las mismas evite las responsabilidades derivadas de la Ley:<\/p>\n<p>El enlace \u00fanicamente vincular\u00e1 con la home page o p\u00e1gina principal del Portal pero no podr\u00e1 reproducirla de ninguna forma (inline links, copia de los textos, gr\u00e1ficos, etc).<br \/>\nQuedar\u00e1 en todo caso prohibido, de acuerdo con la legislaci\u00f3n aplicable y vigente en cada momento, establecer frames o marcos de cualquier tipo que envuelvan al Portal o permitan la visualizaci\u00f3n de los Contenidos a trav\u00e9s de direcciones de Internet distintas a las del Portal y, en cualquier caso, cuando se visualicen conjuntamente con contenidos ajenos al Portal de forma que: (I) produzca, o pueda producir, error, confusi\u00f3n o enga\u00f1o en los usuarios sobre la verdadera procedencia del servicio o Contenidos; (II) suponga un acto de comparaci\u00f3n o imitaci\u00f3n desleal; (III) sirva para aprovechar la reputaci\u00f3n de la marca y prestigio de Jur\u00eddica A\u00e9rea; o (IV) de cualquier otra forma resulte prohibido por la legislaci\u00f3n vigente.<br \/>\nNo se realizar\u00e1n desde la p\u00e1gina que introduce el enlace ning\u00fan tipo de manifestaci\u00f3n falsa, inexacta o incorrecta sobre Jur\u00eddica A\u00e9rea, sus socios, empleados, clientes o sobre la calidad de los servicios que presta.<br \/>\nEn ning\u00fan caso, se expresar\u00e1 en la p\u00e1gina donde se ubique el enlace que Jur\u00eddica A\u00e9rea ha prestado su consentimiento para la inserci\u00f3n del enlace o que de otra forma patrocina, colabora, verifica o supervisa los servicios del remitente.<br \/>\nEst\u00e1 prohibida la utilizaci\u00f3n de cualquier marca denominativa, gr\u00e1fica o mixta o cualquier otro signo distintivo de Jur\u00eddica A\u00e9rea dentro de la p\u00e1gina del remitente salvo en los casos permitidos por la ley o expresamente autorizados por Jur\u00eddica A\u00e9rea y siempre que se permita, en estos casos, un enlace directo con el Portal en la forma establecida en esta cl\u00e1usula<br \/>\nLa p\u00e1gina que establezca el enlace deber\u00e1 cumplir fielmente con la ley y no podr\u00e1 en ning\u00fan caso disponer o enlazar con contenidos propios o de terceros que: (I) sean il\u00edcitos, nocivos o contrarios a la moral y a las buenas costumbres (pornogr\u00e1ficos, violentos, racistas, etc.); (II) induzcan o puedan inducir en el Usuario la falsa concepci\u00f3n de que Jur\u00eddica A\u00e9rea suscribe, respalda, se adhiere o de cualquier manera apoya, las ideas, manifestaciones o expresiones, l\u00edcitas o il\u00edcitas, del remitente; (III) resulten inapropiados o no pertinentes con la actividad de Jur\u00eddica A\u00e9rea en atenci\u00f3n al lugar, contenidos y tem\u00e1tica de la p\u00e1gina web del remitente.<\/p>\n<p>&nbsp;<\/p>\n<h3>4. EXCLUSI\u00d3N DE RESPONSABILIDAD<\/h3>\n<p>&nbsp;<\/p>\n<h4>4.1 DE LA INFORMACI\u00d3N<\/h4>\n<p>El acceso al Portal no implica la obligaci\u00f3n por parte de Jur\u00eddica A\u00e9rea de comprobar la veracidad, exactitud, adecuaci\u00f3n, idoneidad, exhaustividad y actualidad de la informaci\u00f3n suministrada a trav\u00e9s del mismo. Los contenidos de esta p\u00e1gina son de car\u00e1cter general y no constituyen, en modo alguno, la prestaci\u00f3n de un servicio de asesoramiento legal o fiscal de ning\u00fan tipo, por lo que dicha informaci\u00f3n resulta insuficiente para la toma de decisiones personales o empresariales por parte del Usuario.<\/p>\n<p>Jur\u00eddica A\u00e9rea no se responsabiliza de las decisiones tomadas a partir de la informaci\u00f3n suministrada en el Portal ni de los da\u00f1os y perjuicios producidos en el Usuario o terceros con motivo de actuaciones que tengan como \u00fanico fundamento la informaci\u00f3n obtenida en el Portal.<\/p>\n<p>&nbsp;<\/p>\n<h4>4.2 DE LA CALIDAD DEL SERVICIO<\/h4>\n<p>El acceso al Portal no implica la obligaci\u00f3n por parte de Jur\u00eddica A\u00e9rea de controlar la ausencia de virus o cualquier otro elemento inform\u00e1tico da\u00f1ino. Corresponde al Usuario, en todo caso, la disponibilidad de herramientas adecuadas para la detecci\u00f3n y eliminaci\u00f3n de programas inform\u00e1ticos da\u00f1inos.<\/p>\n<p>Jur\u00eddica A\u00e9rea no se responsabiliza de los da\u00f1os producidos en los equipos inform\u00e1ticos de los Usuarios o de terceros durante la prestaci\u00f3n del servicio del Portal.<\/p>\n<p>&nbsp;<\/p>\n<h4>4.3 DE LA DISPONIBILIDAD DEL SERVICIO<\/h4>\n<p>El acceso al Portal requiere de servicios y suministros de terceros, incluidos el transporte a trav\u00e9s de redes de telecomunicaciones cuya fiabilidad, calidad, continuidad y funcionamiento no corresponde a Jur\u00eddica A\u00e9rea. Por consiguiente, los servicios prove\u00eddos a trav\u00e9s del Portal pueden ser suspendidos, cancelados o resultar inaccesibles, con car\u00e1cter previo o simultaneo a la prestaci\u00f3n del servicio del Portal.<\/p>\n<p>Jur\u00eddica A\u00e9rea no se responsabiliza de los da\u00f1os o perjuicios de cualquier tipo producidos en el Usuario que traigan causa de fallos o desconexiones en las redes de telecomunicaciones que produzcan la suspensi\u00f3n, cancelaci\u00f3n o interrupci\u00f3n del servicio del Portal durante la prestaci\u00f3n del mismo o con car\u00e1cter previo.<\/p>\n<p>&nbsp;<\/p>\n<h4>4.4 DE LOS CONTENIDOS Y SERVICIOS ENLAZADOS A TRAV\u00c9S DEL PORTAL<\/h4>\n<p>El servicio de acceso al Portal incluye dispositivos t\u00e9cnicos de enlace, directorios e incluso instrumentos de b\u00fasqueda que permiten al Usuario acceder a otras p\u00e1ginas y portales de Internet (en adelante, &#8216;Sitios Enlazados&#8217;). En estos casos, Jur\u00eddica A\u00e9rea act\u00faa como prestador de servicios de intermediaci\u00f3n de conformidad con el art\u00edculo 17 de la Ley 34\/2002, de 12 de julio, de Servicios de la Sociedad de la Informaci\u00f3n y el Comercio Electr\u00f3nico (&#8216;LSSI&#8217;) y s\u00f3lo ser\u00e1 responsable de los contenidos y servicios suministrados en los Sitios Enlazados en la medida en que tenga conocimiento efectivo de la ilicitud y no haya desactivado el enlace con la diligencia debida. En el supuesto de que el Usuario considere que existe un Sitio Enlazado con contenidos il\u00edcitos o inadecuados podr\u00e1 comunic\u00e1rselo a Jur\u00eddica A\u00e9rea de acuerdo con el procedimiento y los efectos establecidos en la cl\u00e1usula 6, sin que en ning\u00fan caso esta comunicaci\u00f3n conlleve la obligaci\u00f3n de retirar el correspondiente enlace.<\/p>\n<p>En ning\u00fan caso, la existencia de Sitios Enlazados debe presuponer la existencia de acuerdos con los responsables o titulares de los mismos, ni la recomendaci\u00f3n, promoci\u00f3n o identificaci\u00f3n de Jur\u00eddica A\u00e9rea con las manifestaciones, contenidos o servicios prove\u00eddas.<\/p>\n<p>Jur\u00eddica A\u00e9rea no conoce los contenidos y servicios de los Sitios Enlazados y por tanto no se hace responsable por los da\u00f1os producidos por la ilicitud, calidad, desactualizaci\u00f3n, indisponibilidad, error e inutilidad de los contenidos y\/o servicios de los Sitios Enlazados ni por cualquier otro da\u00f1o que no sea directamente imputable a Jur\u00eddica A\u00e9rea.<\/p>\n<p>&nbsp;<\/p>\n<h3>5. PROTECCI\u00d3N DE DATOS PERSONALES<\/h3>\n<p>&nbsp;<\/p>\n<h4>5.1. TRATAMIENTO DE DATOS DE CAR\u00c1CTER PERSONAL<\/h4>\n<p>En cumplimiento con lo dispuesto en la Ley Org\u00e1nica 15\/1999, de 13 de diciembre, de Protecci\u00f3n de Datos de Car\u00e1cter Personal (&#8216;LOPD&#8217;), le informamos de que los datos personales e informaci\u00f3n que nos facilite al cumplimentar cualquier formulario electr\u00f3nico disponible en el Portal (&#8216;Datos&#8217;), ser\u00e1n incorporados en un fichero de datos de car\u00e1cter personal titularidad de Jur\u00eddica A\u00e9rea. La finalidad del tratamiento de los Datos es dar curso a su solicitud. Las preguntas incluidas en cada uno de los formularios son de car\u00e1cter voluntario, salvo aquellas marcadas con un asterisco (*) que son obligatorias. En el caso de no contestar a las preguntas obligatorias, Jur\u00eddica A\u00e9rea se reserva el derecho de no tramitar solicitudes incompletas.<\/p>\n<p>&nbsp;<\/p>\n<h4>5.2. COMUNICACIONES COMERCIALES<\/h4>\n<p>En alguno de los formularios electr\u00f3nicos se le solicitar\u00e1 su consentimiento expreso para poderle remitir comunicaciones comerciales por cualquier medio, incluido el correo electr\u00f3nico o medios de comunicaci\u00f3n electr\u00f3nica equivalentes, de conformidad con lo dispuesto en el art\u00edculo 21 LSSI.<\/p>\n<p>&nbsp;<\/p>\n<h4>5.3. MEDIDAS DE SEGURIDAD<\/h4>\n<p>Jur\u00eddica A\u00e9rea adopta los niveles de seguridad requeridos por el Real Decreto 1720\/2007, de 21 de diciembre, por el que se aprueba el Reglamento de desarrollo de la LOPD, adecuados a la naturaleza de los datos que son objeto de tratamiento en cada momento. No obstante lo anterior, la seguridad t\u00e9cnica en un medio como Internet no es inexpugnable y pueden existir actuaciones dolosas de terceros, si bien Jur\u00eddica A\u00e9rea pone todos los medios a su alcance para evitar dichas actuaciones.<\/p>\n<p>&nbsp;<\/p>\n<h4>5.4. POL\u00cdTICA DE USO DE COOKIES<\/h4>\n<p>En cumplimiento de lo dispuesto en el art\u00edculo 22.2 LSSI, Jur\u00eddica A\u00e9rea \u00fanicamente utilizar\u00e1 dispositivos de almacenamiento y recuperaci\u00f3n de datos (&#8216;Cookies&#8217;) cuando el usuario haya dado su consentimiento previo para ello de acuerdo con lo que se indica en la ventana emergente del navegador del usuario cuando accede por primera vez al Portal y en los dem\u00e1s t\u00e9rminos y condiciones que se indican en la Pol\u00edtica de Cookies de Jur\u00eddica A\u00e9rea que todo usuario debe conocer.<\/p>\n<p>&nbsp;<\/p>\n<h4>5.5. DERECHOS ARCO<\/h4>\n<p>El Usuario podr\u00e1 ejercer sus derechos de Acceso, Rectificaci\u00f3n, Cancelaci\u00f3n y Oposici\u00f3n (&#8216;Derechos ARCO&#8217;) en los t\u00e9rminos legalmente previstos debiendo para ello dirigir una comunicaci\u00f3n mediante correo postal al Dpto. de Protecci\u00f3n de Datos y Privacidad de Jur\u00eddica A\u00e9rea, calle Crist\u00f3bal Bordi\u00fa 35, 4\u00ba 22, 28003 Madrid, o enviando un mensaje de correo electr\u00f3nico a la siguiente direcci\u00f3n:lopd@juridicaaerea.com, indicando en ambos casos su nombre, apellidos y DNI, NIE o Pasaporte.<\/p>\n<p>&nbsp;<\/p>\n<h3>6. COMUNICACI\u00d3N DE ACTIVIDADES DE CAR\u00c1CTER IL\u00cdCITO E INADECUADO<\/h3>\n<p>En el caso de que el Usuario o cualquier otro usuario de Internet tuviera conocimiento de que los Sitios Enlazados remiten a p\u00e1ginas cuyos contenidos o servicios son il\u00edcitos, nocivos, denigrantes, violentos o contrarios a la moral podr\u00e1 ponerse en contacto con Jur\u00eddica A\u00e9rea indicando los siguientes extremos:<\/p>\n<p>Datos personales del comunicante: nombre, direcci\u00f3n, n\u00famero de tel\u00e9fono y direcci\u00f3n de correo electr\u00f3nico;<br \/>\nDescripci\u00f3n de los hechos que revelan el car\u00e1cter il\u00edcito o inadecuado del Sitio Enlazado;<br \/>\nEn el supuesto de violaci\u00f3n de derechos, tales como propiedad intelectual e industrial, los datos personales del titular del derecho infringido cuando sea persona distinta del comunicante. Asimismo deber\u00e1 aportar el t\u00edtulo que acredite la legitimaci\u00f3n del titular de los derechos y, en su caso, el de representaci\u00f3n para actuar por cuenta del titular cuando sea persona distinta del comunicante;<br \/>\nDeclaraci\u00f3n expresa de que la informaci\u00f3n contenida en la reclamaci\u00f3n es exacta.<br \/>\nLa recepci\u00f3n por parte de Jur\u00eddica A\u00e9rea de la comunicaci\u00f3n prevista en esta cl\u00e1usula no supondr\u00e1, seg\u00fan lo dispuesto en la LSSI, el conocimiento efectivo de las actividades y\/o contenidos indicados por el comunicante.<\/p>\n<p>Asimismo deber\u00e1 aportar el t\u00edtulo que acredite la legitimaci\u00f3n del titular de los derechos y, en su caso, el de representaci\u00f3n para actuar por cuenta del titular cuando sea persona distinta del comunicante; Declaraci\u00f3n expresa de que la informaci\u00f3n contenida en la reclamaci\u00f3n es exacta.<\/p>\n<p>La recepci\u00f3n por parte de Jur\u00eddica A\u00e9rea de la comunicaci\u00f3n prevista en esta cl\u00e1usula no supondr\u00e1, seg\u00fan lo dispuesto en la LSSI, el conocimiento efectivo de las actividades y\/o contenidos indicados por el comunicante.<\/p>\n<p>&nbsp;<\/p>\n<h3>7. LEGISLACI\u00d3N<\/h3>\n<p>&nbsp;<\/p>\n<p>El presente Aviso Legal se rige en todos y cada uno de sus extremos por la ley espa\u00f1ola.<br \/>\nPOLITICA DE COOKIES<br \/>\nNuestro sitio web&nbsp;www.juridicaaerea.com&nbsp;(el \u201cSitio Web\u201d) utiliza una tecnolog\u00eda denominada \u201ccookies\u201d con la finalidad de poder recabar informaci\u00f3n acerca del uso del Sitio Web.<\/p>\n<p>Le informamos de que podemos utilizar cookies con la finalidad de facilitar su navegaci\u00f3n a trav\u00e9s del Sitio Web, distinguirle de otros usuarios, proporcionarle una mejor experiencia en el uso del mismo, e identificar problemas para mejorar nuestro Sitio Web. Asimismo, en caso de que preste su consentimiento, utilizaremos cookies que nos permitan obtener m\u00e1s informaci\u00f3n acerca de sus preferencias y personalizar nuestro Sitio Web de conformidad con sus intereses individuales.<\/p>\n<p>La presente pol\u00edtica de cookies tiene por finalidad informarle de manera clara y precisa sobre las cookies que se utilizan en nuestro Sitio Web (la \u201cPol\u00edtica de Cookies\u201d). En caso de que quiera recabar m\u00e1s informaci\u00f3n sobre las cookies que utilizamos en el Sitio Web, podr\u00e1 remitir un correo electr\u00f3nico a la siguiente direcci\u00f3n:&nbsp;lopd@juridicaaerea.com<\/p>\n<p>1. COOKIES<br \/>\nUna cookie es un archivo que se descarga en su navegador (ordenador o dispositivo m\u00f3vil) con la finalidad de almacenar datos que podr\u00e1n ser actualizados y recuperados por la entidad responsable de su instalaci\u00f3n.<\/p>\n<p>La informaci\u00f3n recabada a trav\u00e9s de las cookies puede incluir la fecha y hora de visitas al Sitio Web, las p\u00e1ginas visionadas, el tiempo que ha estado en nuestro Sitio Web y los sitios visitados justo antes y despu\u00e9s del mismo.<\/p>\n<p>2. TIPO DE COOKIES QUE SE USAN EN EL SITIO WEB<br \/>\nNuestro Sitio Web utiliza las cookies que se describen a continuaci\u00f3n:<\/p>\n<p>2.1. Cookies propias<br \/>\nSon aquellas cookies que son enviadas a su navegador y gestionadas exclusivamente por nosotros para el mejor funcionamiento del Sitio Web. La informaci\u00f3n que recabamos se emplea para mejorar la calidad de nuestro servicio y su experiencia como usuario. Estas cookies permanecen en su navegador m\u00e1s tiempo, permiti\u00e9ndonos reconocerle como visitante recurrente del Sitio Web y adaptar el contenido para ofrecerle contenidos que se ajusten a sus preferencias.<\/p>\n<p>2.2. Cookies anal\u00edticas de terceros<br \/>\nEn nuestro Sitio Web tambi\u00e9n utilizamos el sistema de medici\u00f3n de audiencia Google Analytics, una herramienta de an\u00e1lisis web de Google que nos permite conocer c\u00f3mo interact\u00faan los usuarios de nuestro Sitio Web. Asimismo, habilita cookies en el dominio del sitio en el que se encuentra el usuario y utiliza un conjunto de cookies denominadas &#8220;__utma&#8221; y &#8220;__utmz&#8221; para recopilar informaci\u00f3n de forma an\u00f3nima y elaborar informes de tendencias del Sitio Web sin identificar a usuarios individuales. M\u00e1s informaci\u00f3n sobre las cookies de Google Analytics e informaci\u00f3n sobre la privacidad.<\/p>\n<p>Junto con nuestros archivos de registro del servidor, nos permiten conocer el n\u00famero total de usuarios que visitan nuestro Sitio Web y aquellas partes del mismo que gozan de mayor popularidad. Gracias a ellas obtenemos una informaci\u00f3n que puede ayudarnos a mejorar la navegaci\u00f3n y dar un mejor servicio a usuarios y clientes.<\/p>\n<p>Si interact\u00faa con el contenido de nuestro Sitio Web tambi\u00e9n pueden establecerse cookies de terceros (por ejemplo, al pulsar botones de redes sociales o visionar v\u00eddeos alojados en otro sitio web). Las cookies de terceros, son aquellas establecidas por un dominio diferente de nuestro Sitio Web. No podemos acceder a los datos almacenados en las cookies de otros sitios web cuando navegue en los citados sitios web.<\/p>\n<p>Incluimos a continuaci\u00f3n el enlace al sitio web de Google donde puede consultar la descripci\u00f3n del tipo de cookies que utiliza Google Analitycs y su periodo de expiraci\u00f3n: https:\/\/developers.google.com\/analytics\/devguides\/collection\/analyticsjs\/cookie-usage?hl=es<\/p>\n<p>3. CONSENTIMIENTO<br \/>\nAl navegar y continuar en nuestro Sitio Web estar\u00e1 consintiendo el uso de las cookies antes enunciadas, por los plazos se\u00f1alados y en las condiciones contenidas en la presente Pol\u00edtica de Cookies.<\/p>\n<p>4. DESHABILITAR Y BLOQUEAR COOKIES<br \/>\nEn cualquier caso, le informamos de que dado que las cookies no son necesarias para el uso de nuestro Sitio Web, puede bloquearlas o deshabilitarlas activando la configuraci\u00f3n de su navegador que le permite rechazar la instalaci\u00f3n de todas las cookies o de algunas de ellas. La pr\u00e1ctica mayor\u00eda de los navegadores permiten advertir de la presencia de cookies o rechazarlas autom\u00e1ticamente. Si las rechaza podr\u00e1 seguir usando nuestro Sitio Web, aunque el uso de algunos de sus servicios podr\u00e1 ser limitado y por tanto su experiencia en nuestro Sitio Web menos satisfactoria.<\/p>\n<p>5. RETIRAR MI CONSENTIMIENTO<br \/>\nSi quisiese retirar en cualquier momento su consentimiento relacionado con la presente Pol\u00edtica de Cookies, deber\u00e1 eliminar las cookies almacenadas en su navegador (ordenador o dispositivo m\u00f3vil) a trav\u00e9s de los ajustes y configuraciones de su navegador de Internet.<\/p>\n<p>Salvo que haya ajustado la configuraci\u00f3n de su navegador, nuestro sistema crear\u00e1 cookies en cuanto visite nuestro Sitio Web. Tenga presente que todos los navegadores de Internet permiten el cambio de dicha configuraci\u00f3n.<\/p>\n<p>6. CAMBIOS EN LA POL\u00cdTICA DE COOKIES<br \/>\nEs posible que actualicemos la Pol\u00edtica de Cookies de nuestro Sitio Web, por ello le recomendamos revisar esta pol\u00edtica cada vez que acceda a nuestro Sitio Web con el objetivo de estar adecuadamente informado sobre c\u00f3mo y para qu\u00e9 usamos las cookies. La Pol\u00edtica de Cookies se actualiz\u00f3 por \u00faltima vez a fecha [10\/06\/2016].<\/p>\n<p>7. CONTACTO<br \/>\nSi tuviera alguna duda, comentario o sugerencia sobre la Pol\u00edtica de Cookies, por favor escriba a: lopd@juridicaaerea.com.<\/p>\n","protected":false},"excerpt":{"rendered":"<p>1. INFORMACI\u00d3N LEGAL Y ACEPTACI\u00d3N Las presentes disposiciones regulan el uso del servicio del portal de Internet (en adelante, el [&hellip;]<\/p>\n","protected":false},"author":3,"featured_media":0,"parent":0,"menu_order":13,"comment_status":"closed","ping_status":"closed","template":"condiciones-generales.php","meta":{"_acf_changed":false,"footnotes":""},"acf":[],"_links":{"self":[{"href":"https:\/\/juridicaaerea.com\/it\/wp-json\/wp\/v2\/pages\/1591"}],"collection":[{"href":"https:\/\/juridicaaerea.com\/it\/wp-json\/wp\/v2\/pages"}],"about":[{"href":"https:\/\/juridicaaerea.com\/it\/wp-json\/wp\/v2\/types\/page"}],"author":[{"embeddable":true,"href":"https:\/\/juridicaaerea.com\/it\/wp-json\/wp\/v2\/users\/3"}],"replies":[{"embeddable":true,"href":"https:\/\/juridicaaerea.com\/it\/wp-json\/wp\/v2\/comments?post=1591"}],"version-history":[{"count":3,"href":"https:\/\/juridicaaerea.com\/it\/wp-json\/wp\/v2\/pages\/1591\/revisions"}],"predecessor-version":[{"id":2301,"href":"https:\/\/juridicaaerea.com\/it\/wp-json\/wp\/v2\/pages\/1591\/revisions\/2301"}],"wp:attachment":[{"href":"https:\/\/juridicaaerea.com\/it\/wp-json\/wp\/v2\/media?parent=1591"}],"curies":[{"name":"wp","href":"https:\/\/api.w.org\/{rel}","templated":true}]}}