{"id":1594,"date":"2016-05-18T13:22:27","date_gmt":"2016-05-18T13:22:27","guid":{"rendered":"https:\/\/juridicaaerea.com\/gracias-testimonios\/"},"modified":"2016-05-18T13:22:27","modified_gmt":"2016-05-18T13:22:27","slug":"gracias-testimonios","status":"publish","type":"page","link":"https:\/\/juridicaaerea.com\/it\/gracias-testimonios\/","title":{"rendered":"Gracias testimonios"},"content":{"rendered":"<p>Recuerda que nosotros trabajamos a \u00e9xito cobrando un \u00a025% (m\u00e1s IVA), \u00a0para cubrir nuestros gastos de administraci\u00f3n y expandir nuestros servicios para poder ayudar cada vez a m\u00e1s pasajeros en todo el mundo. Si no nos es posible conseguir su compensaci\u00f3n, no tendr\u00e1 ning\u00fan coste. Nosotros no cobramos, si t\u00fa no cobras. \u00a1As\u00ed de f\u00e1cil!<\/p>\n","protected":false},"excerpt":{"rendered":"<p>Recuerda que nosotros trabajamos a \u00e9xito cobrando un \u00a025% (m\u00e1s IVA), \u00a0para cubrir nuestros gastos de administraci\u00f3n y expandir nuestros [&hellip;]<\/p>\n","protected":false},"author":3,"featured_media":0,"parent":0,"menu_order":0,"comment_status":"closed","ping_status":"closed","template":"","meta":{"_acf_changed":false,"footnotes":""},"acf":[],"_links":{"self":[{"href":"https:\/\/juridicaaerea.com\/it\/wp-json\/wp\/v2\/pages\/1594"}],"collection":[{"href":"https:\/\/juridicaaerea.com\/it\/wp-json\/wp\/v2\/pages"}],"about":[{"href":"https:\/\/juridicaaerea.com\/it\/wp-json\/wp\/v2\/types\/page"}],"author":[{"embeddable":true,"href":"https:\/\/juridicaaerea.com\/it\/wp-json\/wp\/v2\/users\/3"}],"replies":[{"embeddable":true,"href":"https:\/\/juridicaaerea.com\/it\/wp-json\/wp\/v2\/comments?post=1594"}],"version-history":[{"count":0,"href":"https:\/\/juridicaaerea.com\/it\/wp-json\/wp\/v2\/pages\/1594\/revisions"}],"wp:attachment":[{"href":"https:\/\/juridicaaerea.com\/it\/wp-json\/wp\/v2\/media?parent=1594"}],"curies":[{"name":"wp","href":"https:\/\/api.w.org\/{rel}","templated":true}]}}