{"id":1595,"date":"2016-03-25T15:26:17","date_gmt":"2016-03-25T15:26:17","guid":{"rendered":"https:\/\/juridicaaerea.com\/testimonios\/"},"modified":"2019-03-10T16:19:39","modified_gmt":"2019-03-10T14:19:39","slug":"testimonios","status":"publish","type":"page","link":"https:\/\/juridicaaerea.com\/it\/testimonios\/","title":{"rendered":"Testimonios"},"content":{"rendered":"<p>La aerol\u00ednea nunca respondi\u00f3 a mis mil correos y faxes. Jur\u00eddica A\u00e9rea se ha encargado de todo el papeleo de todo el proceso judicial y ha logrado que me indemnizaran con 400\u20ac sin problemas ni complicaciones. Gran servicio.<\/p>\n","protected":false},"excerpt":{"rendered":"<p>La aerol\u00ednea nunca respondi\u00f3 a mis mil correos y faxes. Jur\u00eddica A\u00e9rea se ha encargado de todo el papeleo de [&hellip;]<\/p>\n","protected":false},"author":3,"featured_media":0,"parent":0,"menu_order":0,"comment_status":"closed","ping_status":"closed","template":"testimonios.php","meta":{"_acf_changed":false,"footnotes":""},"acf":[],"_links":{"self":[{"href":"https:\/\/juridicaaerea.com\/it\/wp-json\/wp\/v2\/pages\/1595"}],"collection":[{"href":"https:\/\/juridicaaerea.com\/it\/wp-json\/wp\/v2\/pages"}],"about":[{"href":"https:\/\/juridicaaerea.com\/it\/wp-json\/wp\/v2\/types\/page"}],"author":[{"embeddable":true,"href":"https:\/\/juridicaaerea.com\/it\/wp-json\/wp\/v2\/users\/3"}],"replies":[{"embeddable":true,"href":"https:\/\/juridicaaerea.com\/it\/wp-json\/wp\/v2\/comments?post=1595"}],"version-history":[{"count":4,"href":"https:\/\/juridicaaerea.com\/it\/wp-json\/wp\/v2\/pages\/1595\/revisions"}],"predecessor-version":[{"id":2319,"href":"https:\/\/juridicaaerea.com\/it\/wp-json\/wp\/v2\/pages\/1595\/revisions\/2319"}],"wp:attachment":[{"href":"https:\/\/juridicaaerea.com\/it\/wp-json\/wp\/v2\/media?parent=1595"}],"curies":[{"name":"wp","href":"https:\/\/api.w.org\/{rel}","templated":true}]}}