{"id":1597,"date":"2016-04-20T09:53:30","date_gmt":"2016-04-20T09:53:30","guid":{"rendered":"https:\/\/juridicaaerea.com\/gracias-home\/"},"modified":"2016-04-20T09:53:30","modified_gmt":"2016-04-20T09:53:30","slug":"gracias-home","status":"publish","type":"page","link":"https:\/\/juridicaaerea.com\/it\/gracias-home\/","title":{"rendered":"Gracias &#8211; Home"},"content":{"rendered":"<p>Te recordamos que \u00a0dado que no nos has facilitado datos del vuelo, tendremos que ponernos en contacto contigo. Necesitaremos que nos indiques la fecha del vuelo y el origen y el destino. <strong>Te indicaremos si el vuelo es reclamable y qu\u00e9 hacer a continuaci\u00f3n. <\/strong><\/p>\n<p>S\u00f3lo cobramos si tu cobras, por lo que <strong>trabajamos a \u00e9xito cobrando un 25% (m\u00e1s IVA) s\u00f3lo en caso de ganar la demanda.<\/strong><\/p>\n<p>Si no nos es posible conseguir tu compensaci\u00f3n, reclamar la indemnizaci\u00f3n no tendr\u00e1 ning\u00fan coste para t\u00ed. \u00a1As\u00ed de f\u00e1cil!<\/p>\n","protected":false},"excerpt":{"rendered":"<p>Te recordamos que \u00a0dado que no nos has facilitado datos del vuelo, tendremos que ponernos en contacto contigo. Necesitaremos que [&hellip;]<\/p>\n","protected":false},"author":3,"featured_media":0,"parent":0,"menu_order":1,"comment_status":"closed","ping_status":"closed","template":"","meta":{"_acf_changed":false,"footnotes":""},"acf":[],"_links":{"self":[{"href":"https:\/\/juridicaaerea.com\/it\/wp-json\/wp\/v2\/pages\/1597"}],"collection":[{"href":"https:\/\/juridicaaerea.com\/it\/wp-json\/wp\/v2\/pages"}],"about":[{"href":"https:\/\/juridicaaerea.com\/it\/wp-json\/wp\/v2\/types\/page"}],"author":[{"embeddable":true,"href":"https:\/\/juridicaaerea.com\/it\/wp-json\/wp\/v2\/users\/3"}],"replies":[{"embeddable":true,"href":"https:\/\/juridicaaerea.com\/it\/wp-json\/wp\/v2\/comments?post=1597"}],"version-history":[{"count":0,"href":"https:\/\/juridicaaerea.com\/it\/wp-json\/wp\/v2\/pages\/1597\/revisions"}],"wp:attachment":[{"href":"https:\/\/juridicaaerea.com\/it\/wp-json\/wp\/v2\/media?parent=1597"}],"curies":[{"name":"wp","href":"https:\/\/api.w.org\/{rel}","templated":true}]}}